{"id":144,"date":"2017-11-23T15:09:57","date_gmt":"2017-11-23T15:09:57","guid":{"rendered":"http:\/\/hippokrates2punkt0.de\/?page_id=144"},"modified":"2021-11-24T13:20:07","modified_gmt":"2021-11-24T13:20:07","slug":"impressum","status":"publish","type":"page","link":"https:\/\/hippokrates2punkt0.de\/?page_id=144","title":{"rendered":"Impressum"},"content":{"rendered":"<p><span style=\"color: #808000;\">Dies ist eine Website des Berufsverbandes der \u00c4rzte f\u00fcr Naturheilverfahren Deutschlands <a style=\"color: #808000;\" href=\"http:\/\/baen-d.de\/\" target=\"_blank\" rel=\"noopener\">BAEN-D e.V.<\/a> in Zusammenarbeit mit dem Zentralverband der \u00c4rzte f\u00fcr Naturheilverfahren und Regulationsmedizin <a style=\"color: #808000;\" href=\"http:\/\/www.zaen.org\/\" target=\"_blank\" rel=\"noopener\">ZAEN e.V.<\/a> und der <a style=\"color: #808000;\" href=\"http:\/\/\u00e4rzte-naturheilverfahren.de\">\u00c4rztegesellschaft f\u00fcr Naturheilverfahren Berlin-Brandenburg e.V.<\/a><br \/>\n<\/span><\/p>\n<p><span style=\"color: #808000;\">Berufsverband der \u00c4rzte f\u00fcr Naturheilverfahren Deutschlands BAEN-D e.V.<\/span><\/p>\n<p><span style=\"color: #808000;\">Am Promenadenplatz 1<\/span><br \/>\n<span style=\"color: #808000;\"> D-72250 Freudenstadt<\/span><br \/>\n<span style=\"color: #808000;\"> Tel. +49 (0) 7441 9185820<\/span><br \/>\n<span style=\"color: #808000;\"> Fax: +49 (0) 7441 9185822<\/span><br \/>\n<span style=\"color: #808000;\"> E-Mail: <a href=\"mailto:info@baen-d.de\"><span style=\"color: #808000;\">info@baen-d.de<\/span><\/a><\/span><\/p>\n<div class=\"mh-wrapper clearfix\">\n<aside class=\"mh-widget-col-1 mh-sidebar\">\n<div id=\"text-13\" class=\"mh-widget widget_text\">\n<div class=\"textwidget\">\n<div class=\"mh-wrapper clearfix\">\n<div id=\"main-content\" class=\"mh-content\" role=\"main\">\n<article id=\"post-496\" class=\"post-496 post type-post status-publish format-standard hentry category-allgemein\">\n<div class=\"entry-content clearfix\">\n<p><span style=\"color: #808000;\">Gestaltungskonzept und Realisierung der Website:<\/span> <a href=\"http:\/\/literaturbuero-berlin.de\">literaturb\u00fcro berlin<\/a><\/p>\n<h2><span style=\"color: #000000;\">Disclaimer \/ Haftungsausschluss<\/span><\/h2>\n<p><span style=\"color: #808000;\">Der BAEN-D bem\u00fcht sich, auf diesen Seiten nur vollst\u00e4ndige und richtige Informationen zu ver\u00f6ffentlichen, kann aber keine Haftung oder Garantie f\u00fcr Aktualit\u00e4t, Richtigkeit und Vollst\u00e4ndigkeit der Informationen \u00fcbernehmen. Diese Site ist st\u00e4ndig Ver\u00e4nderungen und Erg\u00e4nzungen unterworfen, die der Aktualisierung und Bereicherung der angebotenen Informationen und Funktionen dienen. Der BAEN-D haftet nicht f\u00fcr direkte oder indirekte Sch\u00e4den, einschlie\u00dflich entgangenen Gewinns, die mit der Nutzung des Informations- und Funktionsangebotes dieser Site in Verbindung gebracht werden k\u00f6nnen. Das gilt insbesondere auch f\u00fcr die ausgewiesenen Links (Verbindungen) zu anderen Sites, auf die der BAEN-D keinen Einfluss hat und f\u00fcr deren Inhalt der BAEN-D keine Verantwortung tr\u00e4gt.<\/span><br \/>\n<span style=\"color: #808000;\"> Der BAEN-D ist sich der Problematik des Datenschutzes im Internet bewusst. Die \u00fcbersandten Daten werden nur f\u00fcr die internen Zwecke und entsprechend den Bestimmungen des Bundesdatenschutzgesetzes (BDSG) gespeichert und keinesfalls ohne Zustimmung an Dritte weitergegeben.<\/span><br \/>\n<span style=\"color: #808000;\"> Der Inhalt dieser Website ist urheberrechtlich gesch\u00fctzt. Die zur Verf\u00fcgung Stellung im Internet gibt Ihnen dennoch das Recht, das bereitgestellte Material zu privaten Zwecken zu speichern und zu vervielf\u00e4ltigen. Kommerzielle Nutzung zur Weiterver\u00f6ffentlichung oder kostenlosen Verteilung nur in Absprache mit dem BAEN-D.<\/span><br \/>\n<span style=\"color: #808000;\"> Auch diese Hinweise unterliegen der Aktualisierung.<\/span><\/p>\n<h4><span style=\"color: #000000;\">Datenschutz<\/span><\/h4>\n<p><span style=\"color: #808000;\">Bei der Nutzung unseres Internetangebotes werden Sie eventuell um die Angabe pers\u00f6nlicher Informationen gebeten. Die Beantwortung dieser Fragen ist freiwillig. Ihre pers\u00f6nlichen Daten werden entsprechend den deutschen Datenschutzbestimmungen gespeichert und verarbeitet.<\/span><br \/>\n<span style=\"color: #808000;\"> Die im Rahmen der Benutzung unserer Website erhobenen personenbezogenen Daten werden zum Zweck der Bearbeitung Ihrer Anfragen genutzt. Eine Verarbeitung und Nutzung Ihrer Daten f\u00fcr Zwecke der Beratung, der Werbung und der Marktforschung wird unsererseits ausgeschlossen.<\/span><\/p>\n<p><span style=\"color: #808000;\">Automatisch gesammelte Informationen, die keine personenbezogenen Daten sind<\/span><\/p>\n<p><span style=\"color: #808000;\">Wenn Sie auf die Website <a style=\"color: #808000;\" href=\"http:\/\/www.hippokrates2punkt0.de\">www.hippokrates2punkt0.de<\/a> zugreifen, werden gelegentlich automatisch (also nicht \u00fcber eine Registrierung) allgemeine Informationen gesammelt, die nicht personenbezogen sind (z.B. verwendeter Internet-Browser, Anzahl der Besuche, durchschnittliche Verweilzeit, aufgerufene Seiten). Wir verwenden diese Informationen, um die Attraktivit\u00e4t unserer Website zu ermitteln und deren Inhalt und Funktionalit\u00e4t zu verbessern.<\/span><\/p>\n<h4><span style=\"color: #000000;\">Urheberrechte<\/span><\/h4>\n<p><span style=\"color: #808000;\">Alle Texte, Bilder, Graphiken, Ton-, Video- und Animationsdateien sowie deren Anordnung auf dieser Website unterliegen dem Urheberrecht und anderen Gesetzen zum Schutz geistigen Eigentums.<\/span><br \/>\n<span style=\"color: #808000;\"> Sie d\u00fcrfen weder f\u00fcr kommerzielle Zwecke oder zur Weitergabe kopiert, noch ver\u00e4ndert und auf anderen Websites verwendet werden. Davon ausgenommen ist das f\u00fcr die Weiterverbreitung ausdr\u00fccklich angebotene Text- und Bildmaterial.<\/span><br \/>\n<span style=\"color: #808000;\"> Wir weisen darauf hin, dass die vorliegende Internet-Seite auch Bilder enth\u00e4lt, die dem Urheberrecht derjenigen unterliegen, die diese zur Verf\u00fcgung gestellt haben.<\/span><\/p>\n<h4><span style=\"color: #000000;\">Haftung<\/span><\/h4>\n<p><span style=\"color: #808000;\">Alle Angaben dieses Internetangebotes wurden sorgf\u00e4ltig gepr\u00fcft. Wir bem\u00fchen uns, dieses Informationsangebot stetig zu erweitern und zu aktualisieren.<\/span><br \/>\n<span style=\"color: #808000;\"> Eine Garantie f\u00fcr die Vollst\u00e4ndigkeit, Richtigkeit und letzte Aktualit\u00e4t kann jedoch nicht \u00fcbernommen werden. Der BAEN-D stellt diese Informationen ohne jegliche Zusicherung oder Gew\u00e4hrleistung jedweder Art, sei sie ausdr\u00fccklich oder stillschweigend, zur Verf\u00fcgung. Der BAEN-D schlie\u00dft jegliche Haftung f\u00fcr Sch\u00e4den, die direkt oder indirekt aus der Benutzung dieser Website entstehen, aus, soweit diese nicht auf Vorsatz oder grober Fahrl\u00e4ssigkeit des BAEN-D beruhen.<\/span><\/p>\n<h4><span style=\"color: #000000;\">Verweise und Links<\/span><\/h4>\n<p><span style=\"color: #808000;\">Bei direkten oder indirekten Verweisen auf fremde Internetseiten (\u201eLinks\u201c), die au\u00dferhalb des Verantwortungsbereiches des BAEN-D liegen, w\u00fcrde eine Haftungsverpflichtung ausschlie\u00dflich in dem Fall in Kraft treten, in dem der BAEN-D von den Inhalten Kenntnis hat und es ihm technisch m\u00f6glich und zumutbar w\u00e4re, die Nutzung im Falle rechtswidriger Inhalte zu verhindern. Der BAEN-D erkl\u00e4rt hiermit ausdr\u00fccklich, dass zum Zeitpunkt der Linksetzung keine illegalen Inhalte auf den zu verlinkenden Seiten erkennbar waren. Auf die aktuelle und zuk\u00fcnftige Gestaltung, die Inhalte oder die Urheberschaft der gelinkten\/verkn\u00fcpften Seiten hat der BAEN-D keinerlei Einfluss. Deshalb distanziert er sich hiermit ausdr\u00fccklich von allen Inhalten aller gelinkten\/verkn\u00fcpften Seiten, die nach der Linksetzung ver\u00e4ndert wurden. Diese Feststellung gilt f\u00fcr alle innerhalb des eigenen Internetangebotes gesetzten Links und Verweise. F\u00fcr illegale, fehlerhafte oder unvollst\u00e4ndige Inhalte und insbesondere f\u00fcr Sch\u00e4den, die aus der Nutzung oder Nichtnutzung solcherart dargebotener Informationen entstehen, haftet allein der Anbieter der Seite, auf welche verwiesen wurde, nicht derjenige, der \u00fcber Links auf die jeweilige Ver\u00f6ffentlichung lediglich verweist.<\/span><\/p>\n<h4><span style=\"color: #000000;\">Lizenz<\/span><\/h4>\n<p><span style=\"color: #808000;\">Das auf dieser Website enthaltene geistige Eigentum wie Patente, Marken und Urheberrechte ist gesch\u00fctzt. Durch diese Website wird keine Lizenz zur Nutzung des geistigen Eigentums des BAEN-D erteilt.<\/span><\/p>\n<h4><span style=\"color: #000000;\">Rechtswahl<\/span><\/h4>\n<p><span style=\"color: #808000;\">S\u00e4mtliche Informationen oder Daten, die Nutzung dieser Website sowie s\u00e4mtliches mit dieser Website zusammenh\u00e4ngendes Tun, Dulden oder Unterlassen unterliegen ausschlie\u00dflich deutschem Recht.<\/span><\/p>\n<\/div>\n<\/article>\n<\/div>\n<aside class=\"mh-widget-col-1 mh-sidebar\">\n<div id=\"text-13\" class=\"mh-widget widget_text\">\n<div class=\"textwidget\">\n<p class=\"mh-widget-title-inner\"><span style=\"color: #808000;\">\u00a0<\/span><\/p>\n<\/div>\n<\/div>\n<\/aside>\n<\/div>\n<\/div>\n<\/div>\n<\/aside>\n<\/div>\n","protected":false},"excerpt":{"rendered":"<p>Dies ist eine Website des Berufsverbandes der \u00c4rzte f\u00fcr Naturheilverfahren Deutschlands BAEN-D e.V. in Zusammenarbeit mit dem Zentralverband der \u00c4rzte f\u00fcr Naturheilverfahren und Regulationsmedizin ZAEN e.V. und der \u00c4rztegesellschaft f\u00fcr Naturheilverfahren Berlin-Brandenburg e.V. Berufsverband der \u00c4rzte f\u00fcr Naturheilverfahren Deutschlands BAEN-D e.V. Am Promenadenplatz 1 D-72250 Freudenstadt Tel. +49 (0) 7441 9185820 Fax: +49 (0) 7441 &hellip; <\/p>\n<p class=\"link-more\"><a href=\"https:\/\/hippokrates2punkt0.de\/?page_id=144\" class=\"more-link\"><span class=\"screen-reader-text\">\u201eImpressum\u201c <\/span>weiterlesen<\/a><\/p>\n","protected":false},"author":1,"featured_media":0,"parent":0,"menu_order":0,"comment_status":"closed","ping_status":"closed","template":"","meta":{"footnotes":""},"class_list":["post-144","page","type-page","status-publish","hentry"],"_links":{"self":[{"href":"https:\/\/hippokrates2punkt0.de\/index.php?rest_route=\/wp\/v2\/pages\/144","targetHints":{"allow":["GET"]}}],"collection":[{"href":"https:\/\/hippokrates2punkt0.de\/index.php?rest_route=\/wp\/v2\/pages"}],"about":[{"href":"https:\/\/hippokrates2punkt0.de\/index.php?rest_route=\/wp\/v2\/types\/page"}],"author":[{"embeddable":true,"href":"https:\/\/hippokrates2punkt0.de\/index.php?rest_route=\/wp\/v2\/users\/1"}],"replies":[{"embeddable":true,"href":"https:\/\/hippokrates2punkt0.de\/index.php?rest_route=%2Fwp%2Fv2%2Fcomments&post=144"}],"version-history":[{"count":23,"href":"https:\/\/hippokrates2punkt0.de\/index.php?rest_route=\/wp\/v2\/pages\/144\/revisions"}],"predecessor-version":[{"id":725,"href":"https:\/\/hippokrates2punkt0.de\/index.php?rest_route=\/wp\/v2\/pages\/144\/revisions\/725"}],"wp:attachment":[{"href":"https:\/\/hippokrates2punkt0.de\/index.php?rest_route=%2Fwp%2Fv2%2Fmedia&parent=144"}],"curies":[{"name":"wp","href":"https:\/\/api.w.org\/{rel}","templated":true}]}}