{"id":297,"date":"2018-01-09T12:12:16","date_gmt":"2018-01-09T12:12:16","guid":{"rendered":"http:\/\/hippokrates2punkt0.de\/?page_id=297"},"modified":"2021-11-24T13:13:09","modified_gmt":"2021-11-24T13:13:09","slug":"foerderer","status":"publish","type":"page","link":"https:\/\/hippokrates2punkt0.de\/?page_id=297","title":{"rendered":"F\u00f6rderer"},"content":{"rendered":"<p><span style=\"color: #000000;\">\u00c4rztegesellschaft f\u00fcr Naturheilverfahren Berlin-Brandenburg e.V.<\/span><span style=\"color: #808000;\"><br \/>\n<\/span><span style=\"color: #808000;\">K\u00f6nigstr. 63, D-<\/span><span style=\"color: #808000;\">14109 Berlin<br \/>\n<\/span><span style=\"color: #808000;\">Tel. +49 (0) 30-80505-691, Fax: +49 (0) 30-80505-692<\/span><br \/>\n<span style=\"color: #808000;\"><a style=\"color: #808000;\" href=\"mailto:info@aerztegesellschaft-naturheilverfahren.de\">info@aerztegesellschaft-naturheilverfahren.de<br \/>\n<\/a><a href=\"http:\/\/\u00e4rzte-naturheilverfahren.de\/\" target=\"_blank\" rel=\"noopener\"><span style=\"color: #808000;\">www.\u00e4rzte-naturheilverfahren.de<\/span><\/a><\/span><\/p>\n<p>Berufsverband der \u00c4rzte f\u00fcr Naturheilverfahren Deutschlands e.V.<br \/>\n<span style=\"color: #808000;\">Am Promenadenplatz 1, <\/span><span style=\"color: #808000;\">D-72250 Freudenstadt<\/span><br \/>\n<span style=\"color: #808000;\">Tel. +49 (0) 7441-91858-20, Fax: +49 (0) 7441-91858-22<\/span><br \/>\n<span style=\"color: #808000;\"><a style=\"color: #808000;\" href=\"mailto:info@baen-d.de\">info@baen-d.de<\/a>, <a href=\"http:\/\/baen-d.de\/\" target=\"_blank\" rel=\"noopener\"><span style=\"color: #808000;\">www.baen-d.de<\/span><\/a><\/span><\/p>\n<div class=\"csc-content\">\n<p>Zentralverband der \u00c4rzte f\u00fcr Naturheilverfahren und Regulationsmedizin e.V.<br \/>\n<span style=\"color: #808000;\">Am Promenadenplatz 1, D-72250 Freudenstadt<br \/>\n<\/span><span style=\"color: #808000;\">Tel. + 49 (0) 7441-91 858-0, Fax: + 49 (0) 7441-91 858-22<br \/>\n<\/span><span style=\"color: #808000;\"><a href=\"mailto:info@zaen.org\"><span style=\"color: #808000;\">info@zaen.org<\/span><\/a>, <a style=\"color: #808000;\" href=\"http:\/\/www.zaen.org\/\" target=\"_blank\" rel=\"noopener\">www.zaen.org<\/a><\/span><\/p>\n<\/div>\n<p><span style=\"color: #000000;\">Wir freuen uns \u00fcber weitere F\u00f6rderer, Freunde und Mitglieder unserer Gesellschaften.<\/span><\/p>\n","protected":false},"excerpt":{"rendered":"<p>\u00c4rztegesellschaft f\u00fcr Naturheilverfahren Berlin-Brandenburg e.V. K\u00f6nigstr. 63, D-14109 Berlin Tel. +49 (0) 30-80505-691, Fax: +49 (0) 30-80505-692 info@aerztegesellschaft-naturheilverfahren.de www.\u00e4rzte-naturheilverfahren.de Berufsverband der \u00c4rzte f\u00fcr Naturheilverfahren Deutschlands e.V. Am Promenadenplatz 1, D-72250 Freudenstadt Tel. +49 (0) 7441-91858-20, Fax: +49 (0) 7441-91858-22 info@baen-d.de, www.baen-d.de Zentralverband der \u00c4rzte f\u00fcr Naturheilverfahren und Regulationsmedizin e.V. Am Promenadenplatz 1, D-72250 Freudenstadt Tel. &hellip; <\/p>\n<p class=\"link-more\"><a href=\"https:\/\/hippokrates2punkt0.de\/?page_id=297\" class=\"more-link\"><span class=\"screen-reader-text\">\u201eF\u00f6rderer\u201c <\/span>weiterlesen<\/a><\/p>\n","protected":false},"author":1,"featured_media":0,"parent":0,"menu_order":0,"comment_status":"closed","ping_status":"closed","template":"","meta":{"footnotes":""},"class_list":["post-297","page","type-page","status-publish","hentry"],"_links":{"self":[{"href":"https:\/\/hippokrates2punkt0.de\/index.php?rest_route=\/wp\/v2\/pages\/297","targetHints":{"allow":["GET"]}}],"collection":[{"href":"https:\/\/hippokrates2punkt0.de\/index.php?rest_route=\/wp\/v2\/pages"}],"about":[{"href":"https:\/\/hippokrates2punkt0.de\/index.php?rest_route=\/wp\/v2\/types\/page"}],"author":[{"embeddable":true,"href":"https:\/\/hippokrates2punkt0.de\/index.php?rest_route=\/wp\/v2\/users\/1"}],"replies":[{"embeddable":true,"href":"https:\/\/hippokrates2punkt0.de\/index.php?rest_route=%2Fwp%2Fv2%2Fcomments&post=297"}],"version-history":[{"count":20,"href":"https:\/\/hippokrates2punkt0.de\/index.php?rest_route=\/wp\/v2\/pages\/297\/revisions"}],"predecessor-version":[{"id":724,"href":"https:\/\/hippokrates2punkt0.de\/index.php?rest_route=\/wp\/v2\/pages\/297\/revisions\/724"}],"wp:attachment":[{"href":"https:\/\/hippokrates2punkt0.de\/index.php?rest_route=%2Fwp%2Fv2%2Fmedia&parent=297"}],"curies":[{"name":"wp","href":"https:\/\/api.w.org\/{rel}","templated":true}]}}