{"id":359,"date":"2018-03-14T16:30:41","date_gmt":"2018-03-14T16:30:41","guid":{"rendered":"http:\/\/hippokrates2punkt0.de\/?page_id=359"},"modified":"2018-04-19T10:01:05","modified_gmt":"2018-04-19T10:01:05","slug":"video-archiv","status":"publish","type":"page","link":"https:\/\/hippokrates2punkt0.de\/?page_id=359","title":{"rendered":"Videoarchiv"},"content":{"rendered":"<p><span style=\"color: #000000;\">F\u00fcr die Dokumentation mitgeschnittener Tagungsbeitr\u00e4ge wurde der Youtube-Kanal <\/span>Hippokrates 2.0<span style=\"color: #000000;\"> eingerichtet.\u00a0 <\/span><\/p>\n<p><span style=\"color: #808000;\"><span style=\"color: #000000;\">Falls Sie w\u00e4hrend des 1. Symposiums am 3. M\u00e4rz 2018 in Berlin verhindert gewesen sein sollten oder einzelne Vortr\u00e4ge noch einmal h\u00f6ren m\u00f6chten, so k\u00f6nnen Sie dies unter dem Link <\/span><\/span><span style=\"color: #000000;\"><a href=\"https:\/\/www.youtube.com\/channel\/UCyxVNRPHq_jTLDLHdsjaxdA\/featured\" target=\"_blank\" rel=\"noopener\"><span style=\"color: #808000;\">Youtube-channel Hippokrates 2.0<\/span><\/a><\/span><span style=\"color: #000000;\">. <\/span><\/p>\n<p><span style=\"color: #000000;\">Der Kanal enth\u00e4lt die Videomitschnitte der Vortr\u00e4ge von Dr. Anita Meyer, Dr. Susanne B\u00fccker, Dr. Stefan Schmidt-Troschke und Dr. Erich Freisleben.<\/span><\/p>\n<h1 class=\"title style-scope ytd-video-primary-info-renderer\"><\/h1>\n","protected":false},"excerpt":{"rendered":"<p>F\u00fcr die Dokumentation mitgeschnittener Tagungsbeitr\u00e4ge wurde der Youtube-Kanal Hippokrates 2.0 eingerichtet.\u00a0 Falls Sie w\u00e4hrend des 1. Symposiums am 3. M\u00e4rz 2018 in Berlin verhindert gewesen sein sollten oder einzelne Vortr\u00e4ge noch einmal h\u00f6ren m\u00f6chten, so k\u00f6nnen Sie dies unter dem Link Youtube-channel Hippokrates 2.0. Der Kanal enth\u00e4lt die Videomitschnitte der Vortr\u00e4ge von Dr. Anita Meyer, &hellip; <\/p>\n<p class=\"link-more\"><a href=\"https:\/\/hippokrates2punkt0.de\/?page_id=359\" class=\"more-link\"><span class=\"screen-reader-text\">\u201eVideoarchiv\u201c <\/span>weiterlesen<\/a><\/p>\n","protected":false},"author":1,"featured_media":0,"parent":0,"menu_order":0,"comment_status":"closed","ping_status":"closed","template":"","meta":{"footnotes":""},"class_list":["post-359","page","type-page","status-publish","hentry"],"_links":{"self":[{"href":"https:\/\/hippokrates2punkt0.de\/index.php?rest_route=\/wp\/v2\/pages\/359","targetHints":{"allow":["GET"]}}],"collection":[{"href":"https:\/\/hippokrates2punkt0.de\/index.php?rest_route=\/wp\/v2\/pages"}],"about":[{"href":"https:\/\/hippokrates2punkt0.de\/index.php?rest_route=\/wp\/v2\/types\/page"}],"author":[{"embeddable":true,"href":"https:\/\/hippokrates2punkt0.de\/index.php?rest_route=\/wp\/v2\/users\/1"}],"replies":[{"embeddable":true,"href":"https:\/\/hippokrates2punkt0.de\/index.php?rest_route=%2Fwp%2Fv2%2Fcomments&post=359"}],"version-history":[{"count":18,"href":"https:\/\/hippokrates2punkt0.de\/index.php?rest_route=\/wp\/v2\/pages\/359\/revisions"}],"predecessor-version":[{"id":426,"href":"https:\/\/hippokrates2punkt0.de\/index.php?rest_route=\/wp\/v2\/pages\/359\/revisions\/426"}],"wp:attachment":[{"href":"https:\/\/hippokrates2punkt0.de\/index.php?rest_route=%2Fwp%2Fv2%2Fmedia&parent=359"}],"curies":[{"name":"wp","href":"https:\/\/api.w.org\/{rel}","templated":true}]}}