{"id":440,"date":"2018-04-19T12:51:51","date_gmt":"2018-04-19T12:51:51","guid":{"rendered":"http:\/\/hippokrates2punkt0.de\/?page_id=440"},"modified":"2021-11-24T13:02:38","modified_gmt":"2021-11-24T13:02:38","slug":"aktuelles","status":"publish","type":"page","link":"https:\/\/hippokrates2punkt0.de\/?page_id=440","title":{"rendered":"Aktuelles"},"content":{"rendered":"<h3 style=\"text-align: center;\">Bitte unterst\u00fctzen Sie unsere <span style=\"color: #333333;\">Petition<\/span><\/h3>\n<h3 style=\"text-align: center;\"><strong><span style=\"color: #ff0000;\"><a style=\"color: #ff0000;\" href=\"https:\/\/secure.avaaz.org\/de\/petition\/jens_spahn_Naturheilkunde_nutzen_und_foerdern_Gesundheitssystem_verbessern\/\" target=\"_blank\" rel=\"noopener\"><span style=\"color: #808000;\">&#8222;Naturheilkunde nutzen und f\u00f6rdern &#8211; Gesundheitssystem verbessern!&#8220;<\/span><\/a><\/span><\/strong><\/h3>\n<h3><\/h3>\n<p style=\"text-align: center;\">Die aktuellen Meldungen \u00fcber Haus\u00e4rztemangel, Pflegenotstand, Hektik in Krankenh\u00e4usern und Arztpraxen und der damit einhergehende allgemeine Verlust an pers\u00f6nlicher Zuwendung macht den Menschen, ob krank oder gesund, gro\u00dfe Sorgen.<\/p>\n<p style=\"text-align: center;\">Mediziner, Zahnmediziner, Therapeuten und Patienten m\u00f6chten zur L\u00f6sung dieser Herausforderungen beitragen und mit Hilfe der Naturheilkunde die Methodenvielfalt f\u00fcr die Patienten erhalten und diesen Wissensschatz weitergeben.<\/p>\n<p style=\"text-align: center;\">Das Potential der Naturheilkunde, mit all seinen Verfahren (Ern\u00e4hrungs-, Phyto-, Bewegungs-, Ordnungstherapie und vielen Verfahren mehr) entlastet das Gesundheitssystem und hilft Menschen, Verantwortung f\u00fcr sich selbst zu \u00fcbernehmen. Dazu m\u00fcssen die finanziellen und zeitlichen Rahmenbedingungen f\u00fcr diejenigen, die mit naturheilkundlichen Verfahren arbeiten, stimmen.<\/p>\n<p style=\"text-align: center;\">Jahrhunderte altes Wissen und Therapien k\u00f6nnen zukunftsorientiert eingesetzt werden und das jetzige Gesundheitssystem in wesentlichen Teilen unterst\u00fctzen. Diese patientenzugewandte, pers\u00f6nliche, kostenschonende und nachhaltige Medizin sollte von der Bundesregierung gef\u00f6rdert werden, um viele der anstehenden Probleme zu verringern.<\/p>\n<p style=\"text-align: center;\">Unterschrieben wird diese Petition von allen Menschen und Vertretern von Organisationen, denen es ein Anliegen ist, dass das deutsche Gesundheitssystem therapeutische Wahlfreiheit, eine F\u00f6rderung der Allgemeinbildung \u00fcber die Naturheilkunde, Kostenerstattung von naturheilkundlichen Medikamenten, Unterst\u00fctzung der Selbstkompetenz des Patienten und eine umfassende Integration in Pr\u00e4vention und Therapie, ber\u00fccksichtigt.<\/p>\n<p style=\"text-align: center;\">N\u00e4here Informationen sowie die M\u00f6glichkeit zur Teilnahme an dieser wichtigen gesundheitspolitischen Kampagne finden Sie <strong><a href=\"https:\/\/secure.avaaz.org\/de\/petition\/jens_spahn_Naturheilkunde_nutzen_und_foerdern_Gesundheitssystem_verbessern\/\" target=\"_blank\" rel=\"noopener\"><span style=\"color: #808000;\">hier<\/span><\/a><\/strong>.<\/p>\n","protected":false},"excerpt":{"rendered":"<p>Bitte unterst\u00fctzen Sie unsere Petition &#8222;Naturheilkunde nutzen und f\u00f6rdern &#8211; Gesundheitssystem verbessern!&#8220; Die aktuellen Meldungen \u00fcber Haus\u00e4rztemangel, Pflegenotstand, Hektik in Krankenh\u00e4usern und Arztpraxen und der damit einhergehende allgemeine Verlust an pers\u00f6nlicher Zuwendung macht den Menschen, ob krank oder gesund, gro\u00dfe Sorgen. Mediziner, Zahnmediziner, Therapeuten und Patienten m\u00f6chten zur L\u00f6sung dieser Herausforderungen beitragen und mit Hilfe &hellip; <\/p>\n<p class=\"link-more\"><a href=\"https:\/\/hippokrates2punkt0.de\/?page_id=440\" class=\"more-link\"><span class=\"screen-reader-text\">\u201eAktuelles\u201c <\/span>weiterlesen<\/a><\/p>\n","protected":false},"author":1,"featured_media":0,"parent":0,"menu_order":0,"comment_status":"closed","ping_status":"closed","template":"","meta":{"footnotes":""},"class_list":["post-440","page","type-page","status-publish","hentry"],"_links":{"self":[{"href":"https:\/\/hippokrates2punkt0.de\/index.php?rest_route=\/wp\/v2\/pages\/440","targetHints":{"allow":["GET"]}}],"collection":[{"href":"https:\/\/hippokrates2punkt0.de\/index.php?rest_route=\/wp\/v2\/pages"}],"about":[{"href":"https:\/\/hippokrates2punkt0.de\/index.php?rest_route=\/wp\/v2\/types\/page"}],"author":[{"embeddable":true,"href":"https:\/\/hippokrates2punkt0.de\/index.php?rest_route=\/wp\/v2\/users\/1"}],"replies":[{"embeddable":true,"href":"https:\/\/hippokrates2punkt0.de\/index.php?rest_route=%2Fwp%2Fv2%2Fcomments&post=440"}],"version-history":[{"count":121,"href":"https:\/\/hippokrates2punkt0.de\/index.php?rest_route=\/wp\/v2\/pages\/440\/revisions"}],"predecessor-version":[{"id":720,"href":"https:\/\/hippokrates2punkt0.de\/index.php?rest_route=\/wp\/v2\/pages\/440\/revisions\/720"}],"wp:attachment":[{"href":"https:\/\/hippokrates2punkt0.de\/index.php?rest_route=%2Fwp%2Fv2%2Fmedia&parent=440"}],"curies":[{"name":"wp","href":"https:\/\/api.w.org\/{rel}","templated":true}]}}