{"id":602,"date":"2018-09-14T17:38:47","date_gmt":"2018-09-14T17:38:47","guid":{"rendered":"http:\/\/hippokrates2punkt0.de\/?page_id=602"},"modified":"2021-11-24T13:10:18","modified_gmt":"2021-11-24T13:10:18","slug":"__trashed","status":"publish","type":"page","link":"https:\/\/hippokrates2punkt0.de\/?page_id=602","title":{"rendered":"Archiv"},"content":{"rendered":"<h2><span style=\"color: #333333;\">Tagungsprogramm des 1. Symposiums<br \/>\n<\/span><span style=\"color: #333333;\">am 3. M\u00e4rz 2018 in Berlin<\/span><\/h2>\n<p>Zeit: Samstag, 3. M\u00e4rz 2018, 9.00 bis 17.00 Uhr<br \/>\nOrt: Hotel Aquino Tagungszentrum<br \/>\nHannoversche Stra\u00dfe 5b, D-10115 Berlin-Mitte<br \/>\nTel. +49 30 28486-0, Fax: +49 30 28486-10<br \/>\n<a href=\"mailto:info@hotel-aquino.de\">info@hotel-aquino.de<\/a>, <a href=\"http:\/\/www.hotel-aquino.de\">www.hotel-aquino.de<\/a><\/p>\n<table width=\"685\">\n<tbody>\n<tr>\n<td width=\"118\"><strong>9.00 \u2013 9.10 <\/strong><strong>Uhr<\/strong><\/td>\n<td width=\"284\"><strong>Begr\u00fc\u00dfung<\/strong><\/p>\n<p>Vorsitz: Renate Schleker<\/td>\n<td width=\"283\"><strong>\u00a0<\/strong><\/td>\n<\/tr>\n<tr>\n<td width=\"118\"><strong>9.10 \u2013 9.30<br \/>\n<\/strong><\/td>\n<td width=\"284\"><strong>Einf\u00fchrung<\/strong><\/p>\n<p>Referent: Erich Freisleben<\/td>\n<td width=\"283\"><strong>\u00a0<\/strong><\/td>\n<\/tr>\n<tr>\n<td width=\"118\"><strong>9.30 \u2013 10.00<br \/>\n<\/strong><\/td>\n<td width=\"284\"><strong>Impulsvortrag I<\/strong><\/p>\n<p><strong>\u201eWissenschaft und Naturheilkunde\u201c<\/strong><\/p>\n<p>Referent: Rainer Stange<\/td>\n<td width=\"283\"><strong>\u00a0<\/strong><\/td>\n<\/tr>\n<tr>\n<td width=\"118\"><strong>10.00 \u2013 10.30<br \/>\n<\/strong><\/td>\n<td width=\"284\"><strong>\u00a0<\/strong><\/td>\n<td width=\"283\"><strong>Impulsvortrag II<\/strong><\/p>\n<p><strong>\u201eDer Patient als Mitgestalter<br \/>\nseiner Gesundheit\u201c<\/strong><\/p>\n<p>Referent: Stefan Schmidt-Troschke<\/td>\n<\/tr>\n<tr>\n<td width=\"118\"><strong>10.30 \u2013 10.45<br \/>\n<\/strong><\/td>\n<td width=\"284\"><strong>Fr\u00fchst\u00fcckspause\/ Kaffee<\/strong><\/td>\n<td width=\"283\"><strong>Fr\u00fchst\u00fcckspause\/ Kaffee<\/strong><\/td>\n<\/tr>\n<tr>\n<td width=\"118\"><strong>10.45 \u2013 12.30<br \/>\n<\/strong><\/td>\n<td width=\"284\"><strong>Workshop I<\/strong><\/p>\n<p><strong>\u201eHaben wir optimale Forschungsmethoden?\u201c<\/strong><\/p>\n<p>Moderatoren: Miriam Ortiz,<br \/>\nRainer Stange<\/td>\n<td width=\"283\"><strong>Workshop II<\/strong><\/p>\n<p><strong>\u201eWahlfreiheit in der Gesundheitsversorgung \u2013 M\u00f6glichkeiten und Grenzen\u201c<\/strong><\/p>\n<p>Moderatoren: Stefan Schmidt-Troschke, Erich Freisleben<\/td>\n<\/tr>\n<tr>\n<td width=\"118\"><strong>12.30 \u2013 13.15<br \/>\n<\/strong><\/td>\n<td width=\"284\"><strong>Mittagessen<\/strong><\/td>\n<td width=\"283\"><strong>Mittagessen<\/strong><\/td>\n<\/tr>\n<tr>\n<td width=\"118\"><strong>13.15 \u2013 13.45<br \/>\n<\/strong><\/td>\n<td width=\"284\"><strong>Impulsvortrag III<\/strong><\/p>\n<p><strong>\u201eHaus\u00e4rzte als Vorreiter<br \/>\nder Naturheilverfahren\u201c<\/strong><\/p>\n<p>Referentin: Susanne B\u00fccker<\/td>\n<td width=\"283\"><strong>\u00a0<\/strong><\/td>\n<\/tr>\n<tr>\n<td width=\"118\"><strong>13.45 \u2013 14.15<br \/>\n<\/strong><\/td>\n<td width=\"284\"><strong>\u00a0<\/strong><\/td>\n<td width=\"283\"><strong>Impulsvortrag IV<\/strong><\/p>\n<p><strong>\u201eKomplement\u00e4rmedizin f\u00fcr alle &#8211; <\/strong><strong>eine politische Erfolgsgeschichte<br \/>\naus der Schweiz\u201c<\/strong><\/p>\n<p>Referentin: Anita Meyer<\/td>\n<\/tr>\n<tr>\n<td width=\"118\"><strong>14.15 \u2013 16.00<br \/>\n<\/strong><\/td>\n<td width=\"284\"><strong>Workshop III<\/strong><\/p>\n<p><strong>\u201eNeue <\/strong><strong>Versorgungssysteme\u201c<\/strong><\/p>\n<p>Moderatoren: Susanne B\u00fccker,\u00a0 Erich Freisleben<\/td>\n<td width=\"283\"><strong>Workshop IV<\/strong><\/p>\n<p><strong>\u201eEine bessere Gesundheitswelt\u201c<\/strong><\/p>\n<p>Moderatoren: Anita Meyer,<br \/>\nR\u00fcdiger Wiebelitz<\/td>\n<\/tr>\n<tr>\n<td width=\"118\"><strong>16.15 \u2013 16.30<br \/>\n<\/strong><\/td>\n<td width=\"284\"><strong>Kaffeepause<\/strong><\/td>\n<td width=\"283\"><strong>Kaffeepause<\/strong><\/td>\n<\/tr>\n<tr>\n<td width=\"118\"><strong>16.30 \u2013 17.00<br \/>\n<\/strong><\/td>\n<td width=\"284\"><strong>Zusammenfassung der Ergebnisse\/ <\/strong><strong>Positionspapier<\/strong><\/p>\n<p>Renate Schleker, Rainer Stange<\/td>\n<td width=\"283\"><strong>\u00a0<\/strong><\/td>\n<\/tr>\n<\/tbody>\n<\/table>\n<h2><span style=\"color: #333333;\">Referenten und Moderatoren<\/span><\/h2>\n<p>Susanne B\u00fccker, Dr. med., \u00c4rztin f\u00fcr Allgemeinmedizin &#8211; Naturheilverfahren, Akupunktur -, Schatzmeisterin des Berufsverbandes der \u00c4rzte f\u00fcr Naturheilverfahren Deutschlands BAEN-D e.V., niedergelassen in Berlin-Sch\u00f6neberg<\/p>\n<p>Erich Freisleben, Dr. med. , Arzt f\u00fcr Innere Medizin, Gr\u00fcndungsmitglied und Gesch\u00e4ftsf\u00fchrer des Netzwerkes Ganzheitsmedizin Berlin e.V., niedergelassen in Berlin-Mitte<\/p>\n<p>Peter W. G\u00fcndling, Prof. Dr. med., Arzt f\u00fcr Allgemeinmedizin \u2013 Naturheilverfahren, Hom\u00f6opathie, Akupunktur, Chirotherapie, Balneologie und Klimatologie, Sportmedizin, Notfallmedizin -, ordentlicher Professor und Studiendekan f\u00fcr Naturheilkunde und komplement\u00e4re Medizin an der Hochschule Fresenius in Idstein, niedergelassen in Bad Camberg<\/p>\n<p>Anita Meyer, Vizepr\u00e4sidentin der UNION Schweizerischer komplement\u00e4rmedizinischer \u00c4rzteorganisationen<\/p>\n<p>Miriam Ortiz, Dr. med., \u00c4rztin f\u00fcr Allgemeinmedizin &#8211; Naturheilverfahren, Akupunktur -, wiss. Mitarbeiterin der Hochschulambulanz f\u00fcr Naturheilkunde Charit\u00e9, Universit\u00e4tsmedizin Berlin Campus Mitte<\/p>\n<p>Renate Schleker, Dr. med., \u00c4rztin f\u00fcr Allgemeinmedizin &#8211; Naturheilverfahren, Hom\u00f6opathie, Balneologie und Klimatologie -, Vorsitzende des Berufsverbandes der \u00c4rzte f\u00fcr Naturheilverfahren Deutschlands BAEN-D e.V., niedergelassen in L\u00fcbeck<\/p>\n<p>Stefan Schmidt-Troschke, Dr. med., Arzt f\u00fcr Kinderheilkunde, MBA, Gesch\u00e4ftsf\u00fchrender Vorstand des Patienten- und B\u00fcrgerverbandes GESUNDHEIT AKTIV &#8211; Anthroposophische Heilkunst e.V. Berlin, Vorstand des Dachverbandes f\u00fcr Anthroposophische Medizin in Deutschland\u00a0 DAMiD<\/p>\n<p>Rainer Stange, Dr. med., Arzt f\u00fcr Innere Medizin &#8211; Naturheilverfahren, Physikalische Therapie -, Pr\u00e4sident des Zentralverbandes der \u00c4rzte f\u00fcr Naturheilverfahren und Regulationsmedizin ZAEN e.V., Abt. f\u00fcr Naturheilkunde Immanuel Krankenhaus und Charit\u00e9 &#8211; Universit\u00e4tsmedizin Berlin<\/p>\n<h2><span style=\"color: #333333;\">F\u00f6rderer<br \/>\n<\/span><\/h2>\n<p>\u00c4rztegesellschaft f\u00fcr Naturheilverfahren Berlin-Brandenburg e.V.<br \/>\nK\u00f6nigstr. 63, D-14109 Berlin<br \/>\nTel. +49 (0) 30-80505-691, Fax: +49 (0) 30-80505-692<br \/>\n<a href=\"mailto:info@aerztegesellschaft-naturheilverfahren.de\">info@aerztegesellschaft-naturheilverfahren.de<br \/>\n<\/a><a href=\"http:\/\/\u00e4rzte-naturheilverfahren.de\/\" target=\"_blank\" rel=\"noopener\">www.\u00e4rzte-naturheilverfahren.de<\/a><\/p>\n<p>Berufsverband der \u00c4rzte f\u00fcr Naturheilverfahren Deutschlands e.V.<br \/>\nAm Promenadenplatz 1, D-72250 Freudenstadt<br \/>\nTel. +49 (0) 7441-91858-20, Fax: +49 (0) 7441-91858-22<br \/>\n<a href=\"mailto:info@baen-d.de\">info@baen-d.de<\/a>, <a href=\"http:\/\/baen-d.de\/\" target=\"_blank\" rel=\"noopener\">www.baen-d.de<\/a><\/p>\n<p>Netzwerk Ganzheitsmedizin Berlin gGmbH<br \/>\nKladower Damm 221, D-1\u20284089 Berlin<br \/>\nTel. +49 (0) 30-343334-100, Fax: +49 (0) 30-343334-199<br \/>\n<a href=\"mailto:\u2028info@netzwerk-ganzheitsmedizin-berlin.de\" target=\"_blank\" rel=\"noopener\">\u2028info@netzwerk-ganzheitsmedizin-berlin.de<\/a><br \/>\n<a href=\"http:\/\/www.netzwerk-ganzheitsmedizin-berlin.de\/\" target=\"_blank\" rel=\"noopener\">\u2028www.netzwerk-ganzheitsmedizin-berlin.de<\/a><\/p>\n<div class=\"csc-content\">\n<p>Zentralverband der \u00c4rzte f\u00fcr Naturheilverfahren und Regulationsmedizin e.V.<br \/>\nAm Promenadenplatz 1, D-72250 Freudenstadt<br \/>\nTel. + 49 (0) 7441-91 858-0, Fax: + 49 (0) 7441-91 858-22<br \/>\n<a href=\"mailto:info@zaen.org\">info@zaen.org<\/a>, <a href=\"http:\/\/www.zaen.org\/\" target=\"_blank\" rel=\"noopener\">www.zaen.org<\/a><\/p>\n<\/div>\n","protected":false},"excerpt":{"rendered":"<p>Tagungsprogramm des 1. Symposiums am 3. M\u00e4rz 2018 in Berlin Zeit: Samstag, 3. M\u00e4rz 2018, 9.00 bis 17.00 Uhr Ort: Hotel Aquino Tagungszentrum Hannoversche Stra\u00dfe 5b, D-10115 Berlin-Mitte Tel. +49 30 28486-0, Fax: +49 30 28486-10 info@hotel-aquino.de, www.hotel-aquino.de 9.00 \u2013 9.10 Uhr Begr\u00fc\u00dfung Vorsitz: Renate Schleker \u00a0 9.10 \u2013 9.30 Einf\u00fchrung Referent: Erich Freisleben \u00a0 &hellip; <\/p>\n<p class=\"link-more\"><a href=\"https:\/\/hippokrates2punkt0.de\/?page_id=602\" class=\"more-link\"><span class=\"screen-reader-text\">\u201eArchiv\u201c <\/span>weiterlesen<\/a><\/p>\n","protected":false},"author":1,"featured_media":0,"parent":0,"menu_order":0,"comment_status":"closed","ping_status":"closed","template":"","meta":{"footnotes":""},"class_list":["post-602","page","type-page","status-publish","hentry"],"_links":{"self":[{"href":"https:\/\/hippokrates2punkt0.de\/index.php?rest_route=\/wp\/v2\/pages\/602","targetHints":{"allow":["GET"]}}],"collection":[{"href":"https:\/\/hippokrates2punkt0.de\/index.php?rest_route=\/wp\/v2\/pages"}],"about":[{"href":"https:\/\/hippokrates2punkt0.de\/index.php?rest_route=\/wp\/v2\/types\/page"}],"author":[{"embeddable":true,"href":"https:\/\/hippokrates2punkt0.de\/index.php?rest_route=\/wp\/v2\/users\/1"}],"replies":[{"embeddable":true,"href":"https:\/\/hippokrates2punkt0.de\/index.php?rest_route=%2Fwp%2Fv2%2Fcomments&post=602"}],"version-history":[{"count":11,"href":"https:\/\/hippokrates2punkt0.de\/index.php?rest_route=\/wp\/v2\/pages\/602\/revisions"}],"predecessor-version":[{"id":721,"href":"https:\/\/hippokrates2punkt0.de\/index.php?rest_route=\/wp\/v2\/pages\/602\/revisions\/721"}],"wp:attachment":[{"href":"https:\/\/hippokrates2punkt0.de\/index.php?rest_route=%2Fwp%2Fv2%2Fmedia&parent=602"}],"curies":[{"name":"wp","href":"https:\/\/api.w.org\/{rel}","templated":true}]}}